{"id":1027,"date":"2018-03-02T22:03:23","date_gmt":"2018-03-02T21:03:23","guid":{"rendered":"https:\/\/www.inh-shop.de\/?post_type=product&#038;p=1027"},"modified":"2018-03-02T22:27:26","modified_gmt":"2018-03-02T21:27:26","slug":"10-taschentuchpaeckchen-globuli-bei-erkaeltung-nein-danke","status":"publish","type":"product","link":"https:\/\/www.inh-shop.de\/?product=10-taschentuchpaeckchen-globuli-bei-erkaeltung-nein-danke","title":{"rendered":"10 Taschentuchp\u00e4ckchen &#8211; Globuli bei Erk\u00e4ltung? Nein danke!"},"content":{"rendered":"","protected":false},"excerpt":{"rendered":"<p>inklusive Mehrwertsteuer<br \/>\n<strong>Pauschale Versandkosten unabh\u00e4ngig von der Bestellmenge:<br \/>\n<\/strong>innerhalb Deutschlands: \u20ac 3,00<br \/>\ninnerhalb der Europ\u00e4ischen Union: \u20ac 4,50<br \/>\nweltweit: \u20ac 4,50<\/p>\n<p><strong>Beschreibung:<\/strong><\/p>\n<h2>Susannchens Taschentuchp\u00e4ckchen<\/h2>\n<p>Taschent\u00fccher bek\u00e4mpfen zwar Erk\u00e4ltungen ebensowenig wie Globuli, daf\u00fcr haben sie aber einen Gebrauchswert!<\/p>\n<p>Mini-Taschentuchp\u00e4ckchen, bestens geeignet f\u00fcr Handtasche, Schulranzen und Kindergartenbeutel, platzsparend und praktisch.<\/p>\n<p>10 Taschent\u00fccher je P\u00e4ckchen.<\/p>\n<p><strong>Im Set zu 10 P\u00e4ckchen mit Susannchens Meme-Aufkleber &#8222;Globuli bei Erk\u00e4ltung? Nein danke!&#8220;<\/strong><\/p>\n<p>&nbsp;<\/p>\n<p>&nbsp;<\/p>\n<p>&nbsp;<\/p>\n","protected":false},"featured_media":1030,"template":"","meta":{"jetpack_publicize_message":"","jetpack_publicize_feature_enabled":true,"jetpack_social_post_already_shared":true,"jetpack_social_options":{"image_generator_settings":{"template":"highway","default_image_id":0,"font":"","enabled":false},"version":2}},"product_brand":[],"product_cat":[59],"product_tag":[],"class_list":{"0":"post-1027","1":"product","2":"type-product","3":"status-publish","4":"has-post-thumbnail","6":"product_cat-taschentuecher","7":"product_shipping_class-brief","9":"first","10":"instock","11":"shipping-taxable","12":"purchasable","13":"product-type-simple"},"jetpack_publicize_connections":[],"jetpack_sharing_enabled":true,"_links":{"self":[{"href":"https:\/\/www.inh-shop.de\/index.php?rest_route=\/wp\/v2\/product\/1027","targetHints":{"allow":["GET"]}}],"collection":[{"href":"https:\/\/www.inh-shop.de\/index.php?rest_route=\/wp\/v2\/product"}],"about":[{"href":"https:\/\/www.inh-shop.de\/index.php?rest_route=\/wp\/v2\/types\/product"}],"wp:featuredmedia":[{"embeddable":true,"href":"https:\/\/www.inh-shop.de\/index.php?rest_route=\/wp\/v2\/media\/1030"}],"wp:attachment":[{"href":"https:\/\/www.inh-shop.de\/index.php?rest_route=%2Fwp%2Fv2%2Fmedia&parent=1027"}],"wp:term":[{"taxonomy":"product_brand","embeddable":true,"href":"https:\/\/www.inh-shop.de\/index.php?rest_route=%2Fwp%2Fv2%2Fproduct_brand&post=1027"},{"taxonomy":"product_cat","embeddable":true,"href":"https:\/\/www.inh-shop.de\/index.php?rest_route=%2Fwp%2Fv2%2Fproduct_cat&post=1027"},{"taxonomy":"product_tag","embeddable":true,"href":"https:\/\/www.inh-shop.de\/index.php?rest_route=%2Fwp%2Fv2%2Fproduct_tag&post=1027"}],"curies":[{"name":"wp","href":"https:\/\/api.w.org\/{rel}","templated":true}]}}