{"id":931,"date":"2017-11-12T16:36:37","date_gmt":"2017-11-12T15:36:37","guid":{"rendered":"https:\/\/www.inh-shop.de\/?page_id=931"},"modified":"2017-11-12T16:42:09","modified_gmt":"2017-11-12T15:42:09","slug":"susannchens-wunschkaertchen-keine-pseudomedizin","status":"publish","type":"page","link":"https:\/\/www.inh-shop.de\/?page_id=931","title":{"rendered":"Susannchens Wunschk\u00e4rtchen &#8222;Keine Pseudomedizin&#8220;"},"content":{"rendered":"<p>Liebe Susannchen-Fans,<\/p>\n<p>im Zusammenhang mit manchen Erlebnisberichten aus Apotheken und auch aus Arztpraxen kam in j\u00fcngster Zeit die Frage auf, ob es nicht so etwas wie ein &#8222;Wunschk\u00e4rtchen&#8220; im Scheckkartenformat geben k\u00f6nnte, mit dem man ohne lange Diskussionen ausdr\u00fccken kann, dass man auf Pseudomedizin keinen Wert legt.<\/p>\n<p>Bitte sehr &#8211; hier ist Susannchens &#8222;Wunschk\u00e4rtchen&#8220; zum Ausdrucken und Ausschneiden! Durch einen Klick auf das Bild \u00f6ffnet sich die druckf\u00e4hige PDF-Datei. Viel Erfolg &#8211; und auch Spa\u00df &#8211; damit!<\/p>\n<p>&nbsp;<\/p>\n<p><a href=\"https:\/\/www.inh-shop.de\/wp-content\/uploads\/2017\/11\/INH_SBKG_Scheckkarte_Susannchen.pdf\"><img loading=\"lazy\" decoding=\"async\" class=\"wp-image-939 aligncenter\" src=\"https:\/\/www.inh-shop.de\/wp-content\/uploads\/2017\/11\/Scheckkarte-1-1024x696.jpg\" alt=\"\" width=\"500\" height=\"340\" srcset=\"https:\/\/www.inh-shop.de\/wp-content\/uploads\/2017\/11\/Scheckkarte-1-1024x696.jpg 1024w, https:\/\/www.inh-shop.de\/wp-content\/uploads\/2017\/11\/Scheckkarte-1-600x408.jpg 600w, https:\/\/www.inh-shop.de\/wp-content\/uploads\/2017\/11\/Scheckkarte-1-300x204.jpg 300w, https:\/\/www.inh-shop.de\/wp-content\/uploads\/2017\/11\/Scheckkarte-1-768x522.jpg 768w, https:\/\/www.inh-shop.de\/wp-content\/uploads\/2017\/11\/Scheckkarte-1.jpg 1363w\" sizes=\"auto, (max-width: 500px) 100vw, 500px\" \/><\/a><\/p>\n","protected":false},"excerpt":{"rendered":"<p>Liebe Susannchen-Fans, im Zusammenhang mit manchen Erlebnisberichten aus Apotheken und auch aus Arztpraxen kam in j\u00fcngster Zeit die Frage auf, ob es nicht so etwas wie ein &#8222;Wunschk\u00e4rtchen&#8220; im Scheckkartenformat geben k\u00f6nnte, mit dem man ohne lange Diskussionen ausdr\u00fccken kann, dass man auf Pseudomedizin keinen Wert legt. Bitte sehr &#8211; hier ist Susannchens &#8222;Wunschk\u00e4rtchen&#8220; zum [&hellip;]<\/p>\n","protected":false},"author":3,"featured_media":0,"parent":0,"menu_order":0,"comment_status":"closed","ping_status":"closed","template":"","meta":{"jetpack_post_was_ever_published":false,"footnotes":""},"class_list":["post-931","page","type-page","status-publish","hentry"],"jetpack_sharing_enabled":true,"jetpack_shortlink":"https:\/\/wp.me\/P92Sje-f1","_links":{"self":[{"href":"https:\/\/www.inh-shop.de\/index.php?rest_route=\/wp\/v2\/pages\/931","targetHints":{"allow":["GET"]}}],"collection":[{"href":"https:\/\/www.inh-shop.de\/index.php?rest_route=\/wp\/v2\/pages"}],"about":[{"href":"https:\/\/www.inh-shop.de\/index.php?rest_route=\/wp\/v2\/types\/page"}],"author":[{"embeddable":true,"href":"https:\/\/www.inh-shop.de\/index.php?rest_route=\/wp\/v2\/users\/3"}],"replies":[{"embeddable":true,"href":"https:\/\/www.inh-shop.de\/index.php?rest_route=%2Fwp%2Fv2%2Fcomments&post=931"}],"version-history":[{"count":6,"href":"https:\/\/www.inh-shop.de\/index.php?rest_route=\/wp\/v2\/pages\/931\/revisions"}],"predecessor-version":[{"id":942,"href":"https:\/\/www.inh-shop.de\/index.php?rest_route=\/wp\/v2\/pages\/931\/revisions\/942"}],"wp:attachment":[{"href":"https:\/\/www.inh-shop.de\/index.php?rest_route=%2Fwp%2Fv2%2Fmedia&parent=931"}],"curies":[{"name":"wp","href":"https:\/\/api.w.org\/{rel}","templated":true}]}}