{"id":875,"date":"2017-10-23T18:44:34","date_gmt":"2017-10-23T16:44:34","guid":{"rendered":"https:\/\/www.inh-shop.de\/?page_id=875"},"modified":"2018-01-30T17:18:00","modified_gmt":"2018-01-30T16:18:00","slug":"infoflyer-download","status":"publish","type":"page","link":"https:\/\/www.inh-shop.de\/?page_id=875","title":{"rendered":"Infoflyer-Download"},"content":{"rendered":"<p>Liebe Besucher unserer Seite,<\/p>\n<p>wir freuen uns, hier den neuen Infoflyer des Informationsnetzwerks Hom\u00f6opathie zum Download bereitstellen zu k\u00f6nnen. Der Flyer ist f\u00fcr Arztpraxen gedacht, die dar\u00fcber informieren m\u00f6chten, warum bei ihnen keine Hom\u00f6opathie angeboten wird. Der Adressat sind aber letztlich Sie als Patientin oder Patient, deshalb laden wir Sie herzlich ein, auf diesem Weg vom Infoangebot des Flyers Gebrauch zu machen.<\/p>\n<p>Sie sind Praxisinhaber oder haben sonst die M\u00f6glichkeit und das Interesse, Druckexemplare des Flyers zu verbreiten? Bei der Gesch\u00e4ftsstelle der GWUP k\u00f6nnen Sie \u00fcber das dortige Kontaktformular Ihre Bestellung aufgeben. Bei gr\u00f6\u00dferen Mengen ist eine Spende an die GWUP (der beim Verwendungszweck auch das Kennwort &#8222;INH&#8220; hinzugef\u00fcgt werden darf) gern willkommen &#8211; kleinere Mengen sind aber auch kein Hindernis daf\u00fcr:<\/p>\n<p><a href=\"https:\/\/www.gwup.org\/kontakt\" target=\"_blank\" rel=\"noopener\">https:\/\/www.gwup.org\/kontakt<\/a><\/p>\n<p>Sie k\u00f6nnen uns Ihr Interesse gern auch unter der Mailadresse <a href=\"mailto:mail@susannchen.info\">mail@susannchen.info<\/a> mitteilen.<\/p>\n<p>Sie finden hier eine f\u00fcr das Lesen am Bildschirm und eine f\u00fcr den Ausdruck optimierte Version:<\/p>\n<p style=\"text-align: left;\"><a href=\"https:\/\/www.inh-shop.de\/wp-content\/uploads\/2017\/10\/INH_SBKG_Praxisflyer_V4_Download.pdf\" target=\"_blank\" rel=\"noopener\"><img loading=\"lazy\" decoding=\"async\" class=\"alignnone wp-image-896\" src=\"https:\/\/www.inh-shop.de\/wp-content\/uploads\/2017\/10\/Flyer-Lese.jpg\" alt=\"\" width=\"350\" height=\"678\" srcset=\"https:\/\/www.inh-shop.de\/wp-content\/uploads\/2017\/10\/Flyer-Lese.jpg 452w, https:\/\/www.inh-shop.de\/wp-content\/uploads\/2017\/10\/Flyer-Lese-300x581.jpg 300w, https:\/\/www.inh-shop.de\/wp-content\/uploads\/2017\/10\/Flyer-Lese-155x300.jpg 155w\" sizes=\"auto, (max-width: 350px) 100vw, 350px\" \/><\/a>\u00a0 \u00a0 \u00a0 \u00a0 \u00a0 \u00a0 \u00a0 \u00a0 \u00a0 \u00a0 \u00a0 \u00a0 \u00a0 \u00a0 \u00a0 \u00a0 \u00a0 \u00a0 \u00a0 \u00a0 \u00a0 \u00a0 \u00a0 \u00a0 \u00a0 \u00a0 \u00a0<a href=\"https:\/\/www.inh-shop.de\/wp-content\/uploads\/2017\/10\/INH_SBKG_Praxisflyer_297x210_cmyk_IsoCV2-V4-Print-Screen-Druckex.pdf\" target=\"_blank\" rel=\"noopener\"><img loading=\"lazy\" decoding=\"async\" class=\"alignnone wp-image-895\" src=\"https:\/\/www.inh-shop.de\/wp-content\/uploads\/2017\/10\/Flyer-Druck.jpg\" alt=\"\" width=\"350\" height=\"678\" srcset=\"https:\/\/www.inh-shop.de\/wp-content\/uploads\/2017\/10\/Flyer-Druck.jpg 452w, https:\/\/www.inh-shop.de\/wp-content\/uploads\/2017\/10\/Flyer-Druck-300x581.jpg 300w, https:\/\/www.inh-shop.de\/wp-content\/uploads\/2017\/10\/Flyer-Druck-155x300.jpg 155w\" sizes=\"auto, (max-width: 350px) 100vw, 350px\" \/><\/a><\/p>\n<p>&nbsp;<\/p>\n<p>Wir freuen uns \u00fcber Verlinkungen auf diese Seite. Sie k\u00f6nnen den Text des Flyers an anderer Stelle (z.B. ihrer Praxishomepage) wiedergeben, wenn\u00a0dies unver\u00e4ndert und mit vollst\u00e4ndiger Quellenangabe einschlie\u00dflich des Links zu dieser Seite geschieht. Gegen eine Einbindung der unver\u00e4nderten PDF-Version unter Quellenangabe auf anderen Webseiten haben wir keine Einw\u00e4nde. Vielen Dank!<\/p>\n","protected":false},"excerpt":{"rendered":"<p>Liebe Besucher unserer Seite, wir freuen uns, hier den neuen Infoflyer des Informationsnetzwerks Hom\u00f6opathie zum Download bereitstellen zu k\u00f6nnen. Der Flyer ist f\u00fcr Arztpraxen gedacht, die dar\u00fcber informieren m\u00f6chten, warum bei ihnen keine Hom\u00f6opathie angeboten wird. Der Adressat sind aber letztlich Sie als Patientin oder Patient, deshalb laden wir Sie herzlich ein, auf diesem Weg [&hellip;]<\/p>\n","protected":false},"author":3,"featured_media":0,"parent":0,"menu_order":0,"comment_status":"closed","ping_status":"closed","template":"","meta":{"jetpack_post_was_ever_published":false,"footnotes":""},"class_list":["post-875","page","type-page","status-publish","hentry"],"jetpack_sharing_enabled":true,"jetpack_shortlink":"https:\/\/wp.me\/P92Sje-e7","_links":{"self":[{"href":"https:\/\/www.inh-shop.de\/index.php?rest_route=\/wp\/v2\/pages\/875","targetHints":{"allow":["GET"]}}],"collection":[{"href":"https:\/\/www.inh-shop.de\/index.php?rest_route=\/wp\/v2\/pages"}],"about":[{"href":"https:\/\/www.inh-shop.de\/index.php?rest_route=\/wp\/v2\/types\/page"}],"author":[{"embeddable":true,"href":"https:\/\/www.inh-shop.de\/index.php?rest_route=\/wp\/v2\/users\/3"}],"replies":[{"embeddable":true,"href":"https:\/\/www.inh-shop.de\/index.php?rest_route=%2Fwp%2Fv2%2Fcomments&post=875"}],"version-history":[{"count":15,"href":"https:\/\/www.inh-shop.de\/index.php?rest_route=\/wp\/v2\/pages\/875\/revisions"}],"predecessor-version":[{"id":973,"href":"https:\/\/www.inh-shop.de\/index.php?rest_route=\/wp\/v2\/pages\/875\/revisions\/973"}],"wp:attachment":[{"href":"https:\/\/www.inh-shop.de\/index.php?rest_route=%2Fwp%2Fv2%2Fmedia&parent=875"}],"curies":[{"name":"wp","href":"https:\/\/api.w.org\/{rel}","templated":true}]}}