{"id":729,"date":"2017-08-08T01:01:03","date_gmt":"2017-08-07T23:01:03","guid":{"rendered":"https:\/\/www.inh-shop.de\/?page_id=729"},"modified":"2017-10-23T15:14:32","modified_gmt":"2017-10-23T13:14:32","slug":"susannchens-memes-download","status":"publish","type":"page","link":"https:\/\/www.inh-shop.de\/?page_id=729","title":{"rendered":"Susannchens Memes &#8211; Download"},"content":{"rendered":"<p>Hier kommt die Galerie von Susannchens Memes!<\/p>\n<p>Die gew\u00fcnschten Bilder einfach anklicken, es \u00f6ffnet sich ein neuer Tab mit der vollen Bildgr\u00f6\u00dfe. Dort mit der rechten Maustaste anklicken, dann im Kontextmen\u00fc &#8222;Bild speichern unter&#8230;&#8220; w\u00e4hlen, Tab wieder schlie\u00dfen.<\/p>\n<p>Die Memes d\u00fcrfen frei verwendet werden, wir bitten nur darum, sie nicht zu ver\u00e4ndern. Sie d\u00fcrfen die Memes auch gern zu den gleichen Bedingungen weitergeben.<\/p>\n<p>Wir freuen uns, wenn Sie davon regen Gebrauch machen &#8211; viel Spa\u00df damit!<\/p>\n<p><a href=\"https:\/\/www.inh-shop.de\/wp-content\/uploads\/2017\/08\/INH_SBKG_Memes_Satz_1_sRGB_SUS_Erkaeltung_1.jpg\" target=\"_blank\" rel=\"noopener\"><img loading=\"lazy\" decoding=\"async\" class=\"alignnone wp-image-846 size-medium\" src=\"https:\/\/www.inh-shop.de\/wp-content\/uploads\/2017\/08\/INH_SBKG_Memes_Satz_1_sRGB_SUS_Erkaeltung_1-300x180.jpg\" alt=\"\" width=\"300\" height=\"180\" srcset=\"https:\/\/www.inh-shop.de\/wp-content\/uploads\/2017\/08\/INH_SBKG_Memes_Satz_1_sRGB_SUS_Erkaeltung_1-300x180.jpg 300w, https:\/\/www.inh-shop.de\/wp-content\/uploads\/2017\/08\/INH_SBKG_Memes_Satz_1_sRGB_SUS_Erkaeltung_1-600x360.jpg 600w, https:\/\/www.inh-shop.de\/wp-content\/uploads\/2017\/08\/INH_SBKG_Memes_Satz_1_sRGB_SUS_Erkaeltung_1-768x461.jpg 768w, https:\/\/www.inh-shop.de\/wp-content\/uploads\/2017\/08\/INH_SBKG_Memes_Satz_1_sRGB_SUS_Erkaeltung_1.jpg 800w\" sizes=\"auto, (max-width: 300px) 100vw, 300px\" \/><\/a>\u00a0<a href=\"https:\/\/www.inh-shop.de\/wp-content\/uploads\/2017\/08\/INH_SBKG_Memes_Satz_1_sRGB_MAX_Informieren_1.jpg\" target=\"_blank\" rel=\"noopener\"><img loading=\"lazy\" decoding=\"async\" class=\"alignnone wp-image-844 size-medium\" src=\"https:\/\/www.inh-shop.de\/wp-content\/uploads\/2017\/08\/INH_SBKG_Memes_Satz_1_sRGB_MAX_Informieren_1-300x180.jpg\" alt=\"\" width=\"300\" height=\"180\" srcset=\"https:\/\/www.inh-shop.de\/wp-content\/uploads\/2017\/08\/INH_SBKG_Memes_Satz_1_sRGB_MAX_Informieren_1-300x180.jpg 300w, https:\/\/www.inh-shop.de\/wp-content\/uploads\/2017\/08\/INH_SBKG_Memes_Satz_1_sRGB_MAX_Informieren_1-600x360.jpg 600w, https:\/\/www.inh-shop.de\/wp-content\/uploads\/2017\/08\/INH_SBKG_Memes_Satz_1_sRGB_MAX_Informieren_1-768x461.jpg 768w, https:\/\/www.inh-shop.de\/wp-content\/uploads\/2017\/08\/INH_SBKG_Memes_Satz_1_sRGB_MAX_Informieren_1.jpg 800w\" sizes=\"auto, (max-width: 300px) 100vw, 300px\" \/><\/a><\/p>\n<p><a href=\"https:\/\/www.inh-shop.de\/wp-content\/uploads\/2017\/08\/INH_SBKG_Memes_Satz_1_sRGB_BELLO_Homoeopathie_1.jpg\" target=\"_blank\" rel=\"noopener\"><img loading=\"lazy\" decoding=\"async\" class=\"alignnone wp-image-842 size-medium\" src=\"https:\/\/www.inh-shop.de\/wp-content\/uploads\/2017\/08\/INH_SBKG_Memes_Satz_1_sRGB_BELLO_Homoeopathie_1-300x180.jpg\" alt=\"\" width=\"300\" height=\"180\" srcset=\"https:\/\/www.inh-shop.de\/wp-content\/uploads\/2017\/08\/INH_SBKG_Memes_Satz_1_sRGB_BELLO_Homoeopathie_1-300x180.jpg 300w, https:\/\/www.inh-shop.de\/wp-content\/uploads\/2017\/08\/INH_SBKG_Memes_Satz_1_sRGB_BELLO_Homoeopathie_1-600x360.jpg 600w, https:\/\/www.inh-shop.de\/wp-content\/uploads\/2017\/08\/INH_SBKG_Memes_Satz_1_sRGB_BELLO_Homoeopathie_1-768x461.jpg 768w, https:\/\/www.inh-shop.de\/wp-content\/uploads\/2017\/08\/INH_SBKG_Memes_Satz_1_sRGB_BELLO_Homoeopathie_1.jpg 800w\" sizes=\"auto, (max-width: 300px) 100vw, 300px\" \/><\/a>\u00a0<a href=\"https:\/\/www.inh-shop.de\/wp-content\/uploads\/2017\/08\/INH_SBKG_Memes_Satz_1_sRGB_HANNIBAL_Homoeopathie_1.jpg\" target=\"_blank\" rel=\"noopener\"><img loading=\"lazy\" decoding=\"async\" class=\"alignnone wp-image-843 size-medium\" src=\"https:\/\/www.inh-shop.de\/wp-content\/uploads\/2017\/08\/INH_SBKG_Memes_Satz_1_sRGB_HANNIBAL_Homoeopathie_1-300x180.jpg\" alt=\"\" width=\"300\" height=\"180\" srcset=\"https:\/\/www.inh-shop.de\/wp-content\/uploads\/2017\/08\/INH_SBKG_Memes_Satz_1_sRGB_HANNIBAL_Homoeopathie_1-300x180.jpg 300w, https:\/\/www.inh-shop.de\/wp-content\/uploads\/2017\/08\/INH_SBKG_Memes_Satz_1_sRGB_HANNIBAL_Homoeopathie_1-600x360.jpg 600w, https:\/\/www.inh-shop.de\/wp-content\/uploads\/2017\/08\/INH_SBKG_Memes_Satz_1_sRGB_HANNIBAL_Homoeopathie_1-768x461.jpg 768w, https:\/\/www.inh-shop.de\/wp-content\/uploads\/2017\/08\/INH_SBKG_Memes_Satz_1_sRGB_HANNIBAL_Homoeopathie_1.jpg 800w\" sizes=\"auto, (max-width: 300px) 100vw, 300px\" \/><\/a><\/p>\n<p><a href=\"https:\/\/www.inh-shop.de\/wp-content\/uploads\/2017\/08\/INH_SBKG_Memes_Satz_1_sRGB_SUS_Alternative_Homoeopathie_1.jpg\" target=\"_blank\" rel=\"noopener\"><img loading=\"lazy\" decoding=\"async\" class=\"alignnone wp-image-845 size-medium\" src=\"https:\/\/www.inh-shop.de\/wp-content\/uploads\/2017\/08\/INH_SBKG_Memes_Satz_1_sRGB_SUS_Alternative_Homoeopathie_1-300x180.jpg\" alt=\"\" width=\"300\" height=\"180\" srcset=\"https:\/\/www.inh-shop.de\/wp-content\/uploads\/2017\/08\/INH_SBKG_Memes_Satz_1_sRGB_SUS_Alternative_Homoeopathie_1-300x180.jpg 300w, https:\/\/www.inh-shop.de\/wp-content\/uploads\/2017\/08\/INH_SBKG_Memes_Satz_1_sRGB_SUS_Alternative_Homoeopathie_1-600x360.jpg 600w, https:\/\/www.inh-shop.de\/wp-content\/uploads\/2017\/08\/INH_SBKG_Memes_Satz_1_sRGB_SUS_Alternative_Homoeopathie_1-768x461.jpg 768w, https:\/\/www.inh-shop.de\/wp-content\/uploads\/2017\/08\/INH_SBKG_Memes_Satz_1_sRGB_SUS_Alternative_Homoeopathie_1.jpg 800w\" sizes=\"auto, (max-width: 300px) 100vw, 300px\" \/><\/a>\u00a0<a href=\"https:\/\/www.inh-shop.de\/wp-content\/uploads\/2017\/08\/INH_SBKG_Memes_Satz_1_sRGB_SUS_Krankenkassen_1.jpg\" target=\"_blank\" rel=\"noopener\"><img loading=\"lazy\" decoding=\"async\" class=\"alignnone wp-image-849 size-medium\" src=\"https:\/\/www.inh-shop.de\/wp-content\/uploads\/2017\/08\/INH_SBKG_Memes_Satz_1_sRGB_SUS_Krankenkassen_1-300x180.jpg\" alt=\"\" width=\"300\" height=\"180\" srcset=\"https:\/\/www.inh-shop.de\/wp-content\/uploads\/2017\/08\/INH_SBKG_Memes_Satz_1_sRGB_SUS_Krankenkassen_1-300x180.jpg 300w, https:\/\/www.inh-shop.de\/wp-content\/uploads\/2017\/08\/INH_SBKG_Memes_Satz_1_sRGB_SUS_Krankenkassen_1-600x360.jpg 600w, https:\/\/www.inh-shop.de\/wp-content\/uploads\/2017\/08\/INH_SBKG_Memes_Satz_1_sRGB_SUS_Krankenkassen_1-768x461.jpg 768w, https:\/\/www.inh-shop.de\/wp-content\/uploads\/2017\/08\/INH_SBKG_Memes_Satz_1_sRGB_SUS_Krankenkassen_1.jpg 800w\" sizes=\"auto, (max-width: 300px) 100vw, 300px\" \/><\/a><\/p>\n<p><a href=\"https:\/\/www.inh-shop.de\/wp-content\/uploads\/2017\/08\/INH_SBKG_Memes_Satz_1_sRGB_SUS_Naturheilkunde_1.jpg\" target=\"_blank\" rel=\"noopener\"><img loading=\"lazy\" decoding=\"async\" class=\"alignnone wp-image-851 size-medium\" src=\"https:\/\/www.inh-shop.de\/wp-content\/uploads\/2017\/08\/INH_SBKG_Memes_Satz_1_sRGB_SUS_Naturheilkunde_1-300x180.jpg\" alt=\"\" width=\"300\" height=\"180\" srcset=\"https:\/\/www.inh-shop.de\/wp-content\/uploads\/2017\/08\/INH_SBKG_Memes_Satz_1_sRGB_SUS_Naturheilkunde_1-300x180.jpg 300w, https:\/\/www.inh-shop.de\/wp-content\/uploads\/2017\/08\/INH_SBKG_Memes_Satz_1_sRGB_SUS_Naturheilkunde_1-600x360.jpg 600w, https:\/\/www.inh-shop.de\/wp-content\/uploads\/2017\/08\/INH_SBKG_Memes_Satz_1_sRGB_SUS_Naturheilkunde_1-768x461.jpg 768w, https:\/\/www.inh-shop.de\/wp-content\/uploads\/2017\/08\/INH_SBKG_Memes_Satz_1_sRGB_SUS_Naturheilkunde_1.jpg 800w\" sizes=\"auto, (max-width: 300px) 100vw, 300px\" \/><\/a>\u00a0<a href=\"https:\/\/www.inh-shop.de\/wp-content\/uploads\/2017\/08\/INH_SBKG_Memes_Satz_1_sRGB_SUS_Heuschnupfen_1.jpg\" target=\"_blank\" rel=\"noopener\"><img loading=\"lazy\" decoding=\"async\" class=\"alignnone wp-image-847 size-medium\" src=\"https:\/\/www.inh-shop.de\/wp-content\/uploads\/2017\/08\/INH_SBKG_Memes_Satz_1_sRGB_SUS_Heuschnupfen_1-300x180.jpg\" alt=\"\" width=\"300\" height=\"180\" srcset=\"https:\/\/www.inh-shop.de\/wp-content\/uploads\/2017\/08\/INH_SBKG_Memes_Satz_1_sRGB_SUS_Heuschnupfen_1-300x180.jpg 300w, https:\/\/www.inh-shop.de\/wp-content\/uploads\/2017\/08\/INH_SBKG_Memes_Satz_1_sRGB_SUS_Heuschnupfen_1-600x360.jpg 600w, https:\/\/www.inh-shop.de\/wp-content\/uploads\/2017\/08\/INH_SBKG_Memes_Satz_1_sRGB_SUS_Heuschnupfen_1-768x461.jpg 768w, https:\/\/www.inh-shop.de\/wp-content\/uploads\/2017\/08\/INH_SBKG_Memes_Satz_1_sRGB_SUS_Heuschnupfen_1.jpg 800w\" sizes=\"auto, (max-width: 300px) 100vw, 300px\" \/><\/a><\/p>\n<p><a href=\"https:\/\/www.inh-shop.de\/wp-content\/uploads\/2017\/08\/INH_SBKG_Memes_Satz_1_sRGB_SUS_Impfen_1.jpg\" target=\"_blank\" rel=\"noopener\"><img loading=\"lazy\" decoding=\"async\" class=\"alignnone wp-image-848 size-medium\" src=\"https:\/\/www.inh-shop.de\/wp-content\/uploads\/2017\/08\/INH_SBKG_Memes_Satz_1_sRGB_SUS_Impfen_1-300x180.jpg\" alt=\"\" width=\"300\" height=\"180\" srcset=\"https:\/\/www.inh-shop.de\/wp-content\/uploads\/2017\/08\/INH_SBKG_Memes_Satz_1_sRGB_SUS_Impfen_1-300x180.jpg 300w, https:\/\/www.inh-shop.de\/wp-content\/uploads\/2017\/08\/INH_SBKG_Memes_Satz_1_sRGB_SUS_Impfen_1-600x360.jpg 600w, https:\/\/www.inh-shop.de\/wp-content\/uploads\/2017\/08\/INH_SBKG_Memes_Satz_1_sRGB_SUS_Impfen_1-768x461.jpg 768w, https:\/\/www.inh-shop.de\/wp-content\/uploads\/2017\/08\/INH_SBKG_Memes_Satz_1_sRGB_SUS_Impfen_1.jpg 800w\" sizes=\"auto, (max-width: 300px) 100vw, 300px\" \/><\/a>\u00a0 <a href=\"https:\/\/www.inh-shop.de\/wp-content\/uploads\/2017\/08\/INH_SBKG_Memes_Satz_2_sRGB_SUS_Sonnenschutz_1.jpg\" target=\"_blank\" rel=\"noopener\"><img loading=\"lazy\" decoding=\"async\" class=\"alignnone wp-image-853 size-medium\" src=\"https:\/\/www.inh-shop.de\/wp-content\/uploads\/2017\/08\/INH_SBKG_Memes_Satz_2_sRGB_SUS_Sonnenschutz_1-300x180.jpg\" alt=\"\" width=\"300\" height=\"180\" srcset=\"https:\/\/www.inh-shop.de\/wp-content\/uploads\/2017\/08\/INH_SBKG_Memes_Satz_2_sRGB_SUS_Sonnenschutz_1-300x180.jpg 300w, https:\/\/www.inh-shop.de\/wp-content\/uploads\/2017\/08\/INH_SBKG_Memes_Satz_2_sRGB_SUS_Sonnenschutz_1-600x360.jpg 600w, https:\/\/www.inh-shop.de\/wp-content\/uploads\/2017\/08\/INH_SBKG_Memes_Satz_2_sRGB_SUS_Sonnenschutz_1-768x461.jpg 768w, https:\/\/www.inh-shop.de\/wp-content\/uploads\/2017\/08\/INH_SBKG_Memes_Satz_2_sRGB_SUS_Sonnenschutz_1.jpg 800w\" sizes=\"auto, (max-width: 300px) 100vw, 300px\" \/><\/a><\/p>\n<p><a href=\"https:\/\/www.inh-shop.de\/wp-content\/uploads\/2017\/08\/INH_SBKG_Memes_Satz_2_sRGB_SUS_MMS_1.jpg\" target=\"_blank\" rel=\"noopener\"><img loading=\"lazy\" decoding=\"async\" class=\"alignnone wp-image-852 size-medium\" src=\"https:\/\/www.inh-shop.de\/wp-content\/uploads\/2017\/08\/INH_SBKG_Memes_Satz_2_sRGB_SUS_MMS_1-300x180.jpg\" alt=\"\" width=\"300\" height=\"180\" srcset=\"https:\/\/www.inh-shop.de\/wp-content\/uploads\/2017\/08\/INH_SBKG_Memes_Satz_2_sRGB_SUS_MMS_1-300x180.jpg 300w, https:\/\/www.inh-shop.de\/wp-content\/uploads\/2017\/08\/INH_SBKG_Memes_Satz_2_sRGB_SUS_MMS_1-600x360.jpg 600w, https:\/\/www.inh-shop.de\/wp-content\/uploads\/2017\/08\/INH_SBKG_Memes_Satz_2_sRGB_SUS_MMS_1-768x461.jpg 768w, https:\/\/www.inh-shop.de\/wp-content\/uploads\/2017\/08\/INH_SBKG_Memes_Satz_2_sRGB_SUS_MMS_1.jpg 800w\" sizes=\"auto, (max-width: 300px) 100vw, 300px\" \/>\u00a0\u00a0\u00a0<\/a><a href=\"https:\/\/www.inh-shop.de\/wp-content\/uploads\/2017\/08\/INH_SBKG_Memes_Satz_2_sRGB_SUS_Immunsystem_1.jpg\" target=\"_blank\" rel=\"noopener\"><img loading=\"lazy\" decoding=\"async\" class=\"alignnone wp-image-872 size-medium\" src=\"https:\/\/www.inh-shop.de\/wp-content\/uploads\/2017\/08\/INH_SBKG_Memes_Satz_2_sRGB_SUS_Immunsystem_1-300x180.jpg\" alt=\"\" width=\"300\" height=\"180\" srcset=\"https:\/\/www.inh-shop.de\/wp-content\/uploads\/2017\/08\/INH_SBKG_Memes_Satz_2_sRGB_SUS_Immunsystem_1-300x180.jpg 300w, https:\/\/www.inh-shop.de\/wp-content\/uploads\/2017\/08\/INH_SBKG_Memes_Satz_2_sRGB_SUS_Immunsystem_1-600x360.jpg 600w, https:\/\/www.inh-shop.de\/wp-content\/uploads\/2017\/08\/INH_SBKG_Memes_Satz_2_sRGB_SUS_Immunsystem_1-768x461.jpg 768w, https:\/\/www.inh-shop.de\/wp-content\/uploads\/2017\/08\/INH_SBKG_Memes_Satz_2_sRGB_SUS_Immunsystem_1.jpg 800w\" sizes=\"auto, (max-width: 300px) 100vw, 300px\" \/><\/a><\/p>\n<p><a href=\"https:\/\/www.inh-shop.de\/wp-content\/uploads\/2017\/07\/Susannchen_-Meme_G01-full.jpg\" target=\"_blank\" rel=\"noopener\"><img loading=\"lazy\" decoding=\"async\" class=\"alignnone wp-image-522 size-medium\" src=\"https:\/\/www.inh-shop.de\/wp-content\/uploads\/2017\/07\/Susannchen_-Meme_G01-full-300x180.jpg\" alt=\"\" width=\"300\" height=\"180\" srcset=\"https:\/\/www.inh-shop.de\/wp-content\/uploads\/2017\/07\/Susannchen_-Meme_G01-full-300x180.jpg 300w, https:\/\/www.inh-shop.de\/wp-content\/uploads\/2017\/07\/Susannchen_-Meme_G01-full-600x360.jpg 600w, https:\/\/www.inh-shop.de\/wp-content\/uploads\/2017\/07\/Susannchen_-Meme_G01-full-768x461.jpg 768w, https:\/\/www.inh-shop.de\/wp-content\/uploads\/2017\/07\/Susannchen_-Meme_G01-full.jpg 800w\" sizes=\"auto, (max-width: 300px) 100vw, 300px\" \/><\/a> \u00a0<a href=\"https:\/\/www.inh-shop.de\/wp-content\/uploads\/2017\/07\/Susannchen_-Meme_G02-full.jpg\" target=\"_blank\" rel=\"noopener\"><img loading=\"lazy\" decoding=\"async\" class=\"alignnone wp-image-524 size-medium\" src=\"https:\/\/www.inh-shop.de\/wp-content\/uploads\/2017\/07\/Susannchen_-Meme_G02-full-300x180.jpg\" alt=\"\" width=\"300\" height=\"180\" srcset=\"https:\/\/www.inh-shop.de\/wp-content\/uploads\/2017\/07\/Susannchen_-Meme_G02-full-300x180.jpg 300w, https:\/\/www.inh-shop.de\/wp-content\/uploads\/2017\/07\/Susannchen_-Meme_G02-full-600x360.jpg 600w, https:\/\/www.inh-shop.de\/wp-content\/uploads\/2017\/07\/Susannchen_-Meme_G02-full-768x461.jpg 768w, https:\/\/www.inh-shop.de\/wp-content\/uploads\/2017\/07\/Susannchen_-Meme_G02-full.jpg 800w\" sizes=\"auto, (max-width: 300px) 100vw, 300px\" \/><\/a><\/p>\n","protected":false},"excerpt":{"rendered":"<p>Hier kommt die Galerie von Susannchens Memes! Die gew\u00fcnschten Bilder einfach anklicken, es \u00f6ffnet sich ein neuer Tab mit der vollen Bildgr\u00f6\u00dfe. Dort mit der rechten Maustaste anklicken, dann im Kontextmen\u00fc &#8222;Bild speichern unter&#8230;&#8220; w\u00e4hlen, Tab wieder schlie\u00dfen. Die Memes d\u00fcrfen frei verwendet werden, wir bitten nur darum, sie nicht zu ver\u00e4ndern. Sie d\u00fcrfen die [&hellip;]<\/p>\n","protected":false},"author":3,"featured_media":0,"parent":0,"menu_order":0,"comment_status":"closed","ping_status":"closed","template":"","meta":{"jetpack_post_was_ever_published":false,"footnotes":""},"class_list":["post-729","page","type-page","status-publish","hentry"],"jetpack_sharing_enabled":true,"jetpack_shortlink":"https:\/\/wp.me\/P92Sje-bL","_links":{"self":[{"href":"https:\/\/www.inh-shop.de\/index.php?rest_route=\/wp\/v2\/pages\/729","targetHints":{"allow":["GET"]}}],"collection":[{"href":"https:\/\/www.inh-shop.de\/index.php?rest_route=\/wp\/v2\/pages"}],"about":[{"href":"https:\/\/www.inh-shop.de\/index.php?rest_route=\/wp\/v2\/types\/page"}],"author":[{"embeddable":true,"href":"https:\/\/www.inh-shop.de\/index.php?rest_route=\/wp\/v2\/users\/3"}],"replies":[{"embeddable":true,"href":"https:\/\/www.inh-shop.de\/index.php?rest_route=%2Fwp%2Fv2%2Fcomments&post=729"}],"version-history":[{"count":33,"href":"https:\/\/www.inh-shop.de\/index.php?rest_route=\/wp\/v2\/pages\/729\/revisions"}],"predecessor-version":[{"id":874,"href":"https:\/\/www.inh-shop.de\/index.php?rest_route=\/wp\/v2\/pages\/729\/revisions\/874"}],"wp:attachment":[{"href":"https:\/\/www.inh-shop.de\/index.php?rest_route=%2Fwp%2Fv2%2Fmedia&parent=729"}],"curies":[{"name":"wp","href":"https:\/\/api.w.org\/{rel}","templated":true}]}}