{"id":257,"date":"2016-11-14T15:47:40","date_gmt":"2016-11-14T14:47:40","guid":{"rendered":"http:\/\/www.inh-shop.de\/?page_id=257"},"modified":"2017-07-16T16:01:36","modified_gmt":"2017-07-16T14:01:36","slug":"unsere-versandkostenpauschale","status":"publish","type":"page","link":"https:\/\/www.inh-shop.de\/?page_id=257","title":{"rendered":"Unsere Versandkosten"},"content":{"rendered":"<h1 lang=\"de-DE\">Unsere Versandkosten<\/h1>\n<p lang=\"de-DE\">Liebe K<img loading=\"lazy\" decoding=\"async\" class=\"size-medium wp-image-452 alignleft\" src=\"https:\/\/www.inh-shop.de\/wp-content\/uploads\/2016\/10\/Max_mit_F\u00fc\u00dfen_Hannibal-207x300.png\" alt=\"\" width=\"207\" height=\"300\" srcset=\"https:\/\/www.inh-shop.de\/wp-content\/uploads\/2016\/10\/Max_mit_F\u00fc\u00dfen_Hannibal-207x300.png 207w, https:\/\/www.inh-shop.de\/wp-content\/uploads\/2016\/10\/Max_mit_F\u00fc\u00dfen_Hannibal-600x869.png 600w, https:\/\/www.inh-shop.de\/wp-content\/uploads\/2016\/10\/Max_mit_F\u00fc\u00dfen_Hannibal-707x1024.png 707w, https:\/\/www.inh-shop.de\/wp-content\/uploads\/2016\/10\/Max_mit_F\u00fc\u00dfen_Hannibal.png 709w\" sizes=\"auto, (max-width: 207px) 100vw, 207px\" \/>unden,<\/p>\n<p>bei der Berechnung der Versandkosten gehen wir wie folgt vor:<\/p>\n<p>Wir haben f\u00fcr jedes unserer Produkte eine Versandart ausgew\u00e4hlt (z. B. Brief oder P\u00e4ckchen). Unabh\u00e4ngig von der bestellten Menge eines Produktes werden die Kosten f\u00fcr die jeweilige Versandart einmalig pro Lieferung berechnet.<\/p>\n<p>Wenn Sie mehrere Produkte bestellen, denen verschiedene Versandklassen zugeordnet sind,\u00a0 wird einmalig die h\u00f6chste davon f\u00fcr die Gesamtlieferung berechnet.<\/p>\n<p>Die Versandkosten betragen:<br \/>\ninnerhalb Deutschlands: P\u00e4ckchen: \u20ac 6,00; Brief: \u20ac 3,00<br \/>\ninnerhalb der Europ\u00e4ischen Union: P\u00e4ckchen: \u20ac 11,00; Brief: \u20ac 4,50<br \/>\nweltweit: P\u00e4ckchen: \u20ac 18,00; Brief: \u20ac 4,50<\/p>\n<p>Ihr Shop-Team<\/p>\n<p>&nbsp;<\/p>\n","protected":false},"excerpt":{"rendered":"<p>Unsere Versandkosten Liebe Kunden, bei der Berechnung der Versandkosten gehen wir wie folgt vor: Wir haben f\u00fcr jedes unserer Produkte eine Versandart ausgew\u00e4hlt (z. B. Brief oder P\u00e4ckchen). Unabh\u00e4ngig von der bestellten Menge eines Produktes werden die Kosten f\u00fcr die jeweilige Versandart einmalig pro Lieferung berechnet. Wenn Sie mehrere Produkte bestellen, denen verschiedene Versandklassen zugeordnet [&hellip;]<\/p>\n","protected":false},"author":1,"featured_media":0,"parent":0,"menu_order":0,"comment_status":"closed","ping_status":"closed","template":"","meta":{"footnotes":""},"class_list":["post-257","page","type-page","status-publish","hentry"],"jetpack_sharing_enabled":true,"jetpack_shortlink":"https:\/\/wp.me\/P92Sje-49","_links":{"self":[{"href":"https:\/\/www.inh-shop.de\/index.php?rest_route=\/wp\/v2\/pages\/257","targetHints":{"allow":["GET"]}}],"collection":[{"href":"https:\/\/www.inh-shop.de\/index.php?rest_route=\/wp\/v2\/pages"}],"about":[{"href":"https:\/\/www.inh-shop.de\/index.php?rest_route=\/wp\/v2\/types\/page"}],"author":[{"embeddable":true,"href":"https:\/\/www.inh-shop.de\/index.php?rest_route=\/wp\/v2\/users\/1"}],"replies":[{"embeddable":true,"href":"https:\/\/www.inh-shop.de\/index.php?rest_route=%2Fwp%2Fv2%2Fcomments&post=257"}],"version-history":[{"count":11,"href":"https:\/\/www.inh-shop.de\/index.php?rest_route=\/wp\/v2\/pages\/257\/revisions"}],"predecessor-version":[{"id":465,"href":"https:\/\/www.inh-shop.de\/index.php?rest_route=\/wp\/v2\/pages\/257\/revisions\/465"}],"wp:attachment":[{"href":"https:\/\/www.inh-shop.de\/index.php?rest_route=%2Fwp%2Fv2%2Fmedia&parent=257"}],"curies":[{"name":"wp","href":"https:\/\/api.w.org\/{rel}","templated":true}]}}