{"id":10,"date":"2016-10-26T17:23:55","date_gmt":"2016-10-26T15:23:55","guid":{"rendered":"http:\/\/www.inh-shop.de\/?page_id=10"},"modified":"2016-11-13T14:01:53","modified_gmt":"2016-11-13T13:01:53","slug":"agb","status":"publish","type":"page","link":"https:\/\/www.inh-shop.de\/?page_id=10","title":{"rendered":"AGB"},"content":{"rendered":"<p data-canvas-width=\"328.12719999999973\">Unsere Allgemeinen Gesch\u00e4ftsbedingungen als PDF zum <a href=\"https:\/\/www.inh-shop.de\/wp-content\/uploads\/2016\/11\/AGB-161113.pdf\">Download<\/a><\/p>\n<h1 style=\"text-align: left;\" data-canvas-width=\"328.12719999999973\"><strong>Allgemeine Gesch\u00e4ftsbedingungen<\/strong><\/h1>\n<h3 data-canvas-width=\"318.0807999999999\"><strong>\u00a7 1 Geltungsbereich und Anbieter<\/strong><\/h3>\n<p data-canvas-width=\"77.57439999999998\">(1) Diese Allgemeinen Gesch\u00e4ftsbedingungen gelten f\u00fcr alle Bestellungen, die Sie beim<\/p>\n<p style=\"padding-left: 30px;\" data-canvas-width=\"141.4224\">INH-Shop, Frau Susanne Aust<\/p>\n<p data-canvas-width=\"68.1904\">t\u00e4tigen.<\/p>\n<p style=\"text-align: left;\" data-canvas-width=\"125.76400000000001\">Service-Hotline:<\/p>\n<p style=\"text-align: left; padding-left: 30px;\" data-canvas-width=\"125.76400000000001\">Werktags 10:00 bis 16:00 Uhr unter Telefon 0049 (0) 7622 667 3318<br \/>\nEmail: susanne(minus)aust(at)t(minus)online(punkt)de<\/p>\n<p>(2) Das Warenangebot in unserem Online-Shop richtet sich ausschlie\u00dflich an K\u00e4ufer, die das 18. Lebensjahr vollendet haben.<\/p>\n<p data-canvas-width=\"389.10480000000007\">(3) Vertragssprache ist ausschlie\u00dflich deutsch.<\/p>\n<p data-canvas-width=\"142.98639999999997\">(4) Sie k\u00f6nnen diese Allgemeinen Gesch\u00e4ftsbedingungen auf der Website abrufen und ausdrucken.<\/p>\n<div data-canvas-width=\"142.98639999999997\"><\/div>\n<h3 data-canvas-width=\"186.94399999999996\"><strong>\u00a7 2 Vertragsschluss<\/strong><\/h3>\n<p data-canvas-width=\"214.8936\">(1) Die Warenpr\u00e4sentation im Online-Shop stellt keinen verbindlichen Antrag auf den Abschluss eines Kaufvertrages dar. Vielmehr handelt es sich um eine unverbindliche Aufforderung, im Online-Shop Waren zu bestellen.<\/p>\n<p data-canvas-width=\"11.034399999999998\">(2) Mit Anklicken des Buttons \u201eJetzt zahlungspflichtig bestellen\u201c geben Sie ein verbindliches Kaufangebot ab (\u00a7 145 BGB).<\/p>\n<p data-canvas-width=\"186.44719999999995\">(3) Nach Eingang des Kaufangebots erhalten Sie eine automatisch erzeugte E-Mail, mit der wir best\u00e4tigen, dass wir Ihre Bestellung erhalten haben (Eingangsbest\u00e4tigung). Diese Eingangsbest\u00e4tigung stellt noch keine Annahme Ihres Kaufangebots dar. Ein Vertrag kommt durch die Eingangsbest\u00e4tigung noch nicht zustande.<\/p>\n<h3 data-canvas-width=\"92.57039999999998\"><\/h3>\n<h3 data-canvas-width=\"92.57039999999998\"><strong>\u00a7 3 Preise<\/strong><\/h3>\n<p data-canvas-width=\"226.72479999999996\">Die auf den Produktseiten genannten Preise enthalten die gesetzliche Mehrwertsteuer und sonstige Preisbestandteile und verstehen sich zzgl. der jeweiligen Versandkosten.<\/p>\n<h3 data-canvas-width=\"77.50080000000001\"><\/h3>\n<h3 data-canvas-width=\"77.50080000000001\"><strong>\u00a7 4 Zahlungsbedingungen<br \/>\n<\/strong><\/h3>\n<p>(1) Die Zahlung erfolgt wahlweise auf Rechnung per Vorkasse oder per Paypal.<\/p>\n<p data-canvas-width=\"134.90879999999999\">(2) Bei Zahlung per Vorkasse wird Ihnen unsere Bankverbindung auf dem Bildschirm angezeigt. Sie erhalten in K\u00fcrze eine Rechnung an die von Ihnen angegebene Emailadresse. Der Rechnungsbetrag ist innerhalb von 10 Tagen nach Erhalt der Rechnung auf unser Konto zu \u00fcberweisen.<\/p>\n<p data-canvas-width=\"134.90879999999999\">(3) Bei Zahlung per Paypal erhalten Sie in K\u00fcrze eine Rechnung an die von Ihnen angegebene Emailadresse.<\/p>\n<h3 data-canvas-width=\"189.13359999999997\"><strong>\u00a7 5 Lieferung; Eigentumsvorbehalt<\/strong><\/h3>\n<p data-canvas-width=\"63.97679999999998\">(1) Sofern nicht anders vereinbart, erfolgt die Lieferung der Ware von unserem Lager an die von Ihnen angegebene Adresse.<\/p>\n<p data-canvas-width=\"89.40559999999998\">(2) Die Ware bleibt bis zur vollst\u00e4ndigen Zahlung des Kaufpreises unser Eigentum.<\/p>\n<p data-canvas-width=\"693.9007999999999\">(3) Wenn Sie Unternehmer im Sinne des \u00a7 14 BGB sind, gilt erg\u00e4nzend Folgendes:<\/p>\n<ul>\n<li>Wir behalten uns das Eigentum an der Ware bis zum vollst\u00e4ndigen Ausgleich aller Forderungen aus der laufenden Gesch\u00e4ftsbeziehung vor. Vor \u00dcbergang des Eigentums an der Vorbehaltsware ist eine Verpf\u00e4ndung oder Sicherheits\u00fcbereignung nicht zul\u00e4ssig.<\/li>\n<li>Sie d\u00fcrfen die Ware im ordentlichen Gesch\u00e4ftsgang weiterverkaufen. F\u00fcr diesen Fall treten Sie bereits jetzt alle Forderungen in H\u00f6he des Rechnungsbetrages, die Ihnen aus dem Weiterverkauf erwachsen, an uns ab. Wir nehmen die Abtretung an, Sie sind jedoch zur Einziehung der Forderungen erm\u00e4chtigt. Soweit Sie Ihren Zahlungsverpflichtungen nicht ordnungsgem\u00e4\u00df nachkommen, behalten wir uns das Recht vor, Forderungen selbst einzuziehen.<\/li>\n<li>Bei Verbindung und Vermischung der Vorbehaltsware erwerben wir Miteigentum an der neuen Sache im Verh\u00e4ltnis des Rechnungswertes der Vorbehaltsware zu den anderen verarbeiteten Gegenst\u00e4nden zum Zeitpunkt der Verarbeitung.<\/li>\n<li>Wir verpflichten uns, die uns zustehenden Sicherheiten auf Verlangen insoweit freizugeben, als der realisierbare Wert unserer Sicherheiten die zu sichernden Forderungen um mehr als 10 % \u00fcbersteigt. Die Auswahl der freizugebenden Sicherheiten obliegt uns.<\/li>\n<\/ul>\n<h3 data-canvas-width=\"96.1216\"><\/h3>\n<h3 data-canvas-width=\"96.1216\">\u00a0<strong>\u00a7 6 Widerrufsbelehrung<\/strong><\/h3>\n<p data-canvas-width=\"577.5943999999998\">F\u00fcr den Fall, dass Sie Verbraucher im Sinne des \u00a7 13 BGB sind, also den Kauf zu Zwecken t\u00e4tigen, die \u00fcberwiegend weder ihrer gewerblichen noch ihrer selbstst\u00e4ndigen beruflichen T\u00e4tigkeit zugerechnet werden k\u00f6nnen, haben Sie ein Widerrufsrecht nach Ma\u00dfgabe der folgenden Bestimmungen.<\/p>\n<h4 class=\"canvasWrapper\" style=\"text-align: left;\"><strong>Widerrufsrecht<\/strong><\/h4>\n<p data-canvas-width=\"218.00319999999996\">Sie haben das Recht, binnen vierzehn Tagen ohne Angabe von Gr\u00fcnden diesen Vertrag zu widerrufen.<\/p>\n<p data-canvas-width=\"260.1391999999999\">Die Widerrufsfrist betr\u00e4gt vierzehn Tage ab dem Tag, an dem Sie oder ein von Ihnen benannter Dritter, der nicht der Bef\u00f6rderer ist, die Waren in Besitz genommen haben bzw. hat.<\/p>\n<p data-canvas-width=\"480.66319999999985\">Um Ihr Widerrufsrecht auszu\u00fcben, m\u00fcssen Sie uns<\/p>\n<ul>\n<li data-canvas-width=\"49.9192\">Firma: INH-Shop, Frau Susanne Aust<\/li>\n<li data-canvas-width=\"49.9192\">Adresse: Fritz-Heeg-Erasmus-Str. 25, 79650 Schopfheim<\/li>\n<li data-canvas-width=\"49.9192\">E-Mail: susanne(minus)aust(at)t(minus)online(punkt)de<\/li>\n<\/ul>\n<p data-canvas-width=\"214.28639999999996\">mittels einer eindeutigen Erkl\u00e4rung (z. B. ein mit der Post versandter Brief oder E-Mail) \u00fcber Ihren Entschluss, diesen Vertrag zu widerrufen, informieren. Sie k\u00f6nnen daf\u00fcr das beigef\u00fcgte Muster-Widerrufsformular verwenden, das jedoch nicht vorgeschrieben ist.<\/p>\n<p data-canvas-width=\"672.3543999999997\">Zur Wahrung der Widerrufsfrist reicht es aus, dass Sie die Mitteilung \u00fcber die Aus\u00fcbung des Widerrufsrechts vor Ablauf der Widerrufsfrist absenden.<\/p>\n<h5 data-canvas-width=\"611.3768000000001\">Folgen des Widerrufs<\/h5>\n<p data-canvas-width=\"611.3768000000001\">Wenn Sie diesen Vertrag widerrufen, haben wir Ihnen alle Zahlungen, die wir von Ihnen erhalten haben, einschlie\u00dflich der Lieferkosten (mit Ausnahme der zus\u00e4tzlichen Kosten, die sich daraus ergeben, dass Sie eine andere Art der Lieferung als die von uns angebotene, g\u00fcnstigste Standardlieferung gew\u00e4hlt haben), unverz\u00fcglich und sp\u00e4testens binnen vierzehn Tagen ab dem Tag zur\u00fcckzuzahlen, an dem die Mitteilung \u00fcber Ihren Widerruf dieses Vertrags bei uns eingegangen ist. F\u00fcr diese R\u00fcckzahlung verwenden wir dasselbe Zahlungsmittel, das Sie bei der urspr\u00fcnglichen Transaktion eingesetzt haben, es sei denn, mit Ihnen wurde ausdr\u00fccklich etwas anderes vereinbart; in keinem Fall werden Ihnen wegen dieser R\u00fcckzahlung Entgelte berechnet.<\/p>\n<p data-canvas-width=\"720.4887999999995\">Wir k\u00f6nnen die R\u00fcckzahlung verweigern, bis wir die Waren wieder zur\u00fcckerhalten haben oder bis Sie den Nachweis erbracht haben, dass Sie die Waren zur\u00fcckgesandt haben, je nachdem, welches der fr\u00fchere Zeitpunkt ist.<\/p>\n<p data-canvas-width=\"95.01760000000002\">Sie haben die Waren unverz\u00fcglich und in jedem Fall sp\u00e4testens binnen vierzehn Tagen ab dem Tag, an dem Sie uns \u00fcber den Widerruf dieses Vertragsunterrichten, an uns zur\u00fcckzusenden oder zu \u00fcbergeben. Die Frist ist gewahrt, wenn Sie die Waren vor Ablauf der Frist von vierzehn Tagen absenden.<\/p>\n<p class=\"canvasWrapper\">Sie tragen die unmittelbaren Kosten der R\u00fccksendung der Waren.<\/p>\n<p data-canvas-width=\"191.50719999999995\">Sie m\u00fcssen f\u00fcr einen etwaigen Wertverlust der Waren nur aufkommen, wenn dieser Wertverlust auf einen zur Pr\u00fcfung der Beschaffenheit, Eigenschaften und Funktionsweise der Waren nicht notwendigen Umgang mit ihnen zur\u00fcckzuf\u00fchren ist.<\/p>\n<h5 data-canvas-width=\"174.4504\">Muster-Widerrufsformular<\/h5>\n<p data-canvas-width=\"233.25679999999994\">Wenn Sie den Vertrag widerrufen wollen, dann f\u00fcllen Sie bitte unser Formular aus und senden Sie es zur\u00fcck (Download des Formulers -&gt; <a href=\"https:\/\/www.inh-shop.de\/wp-content\/uploads\/2016\/11\/Widerspruch-161113.doc\">hier<\/a>) Anderenfalls bitten wir um folgende Angaben, die uns eine Bearbeitung erm\u00f6glichen:<\/p>\n<p data-canvas-width=\"23.9304\">An<\/p>\n<p>Firma: INH-Shop, Frau Susanne Aust<\/p>\n<p>Adresse: Fritz-Heeg-Erasmus-Str. 25, 79650 Schopfheim<\/p>\n<p data-canvas-width=\"42.37519999999999\">E-Mail: susanne(minus)aust(at)t(minus)online(punkt)de<\/p>\n<p data-canvas-width=\"302.10959999999994\">Hiermit widerrufe(n) ich\/wir (*) den von mir\/uns (*) abgeschlossenen Vertrag \u00fcber den Kauf der folgenden Waren (*):<\/p>\n<p data-canvas-width=\"212.98\">Bestellt am (*)\/erhalten am (*):<\/p>\n<p data-canvas-width=\"267.4992\">Name des\/der Verbraucher(s):<\/p>\n<p data-canvas-width=\"297.0863999999999\">Anschrift des\/der Verbraucher(s):<\/p>\n<p data-canvas-width=\"587.2359999999998\">Unterschrift des\/der Verbraucher(s) (nur bei Mitteilung auf Papier)<\/p>\n<p data-canvas-width=\"59.358399999999996\">Datum<\/p>\n<p data-canvas-width=\"256.4592\">(*) Unzutreffendes streichen.<\/p>\n<h4 style=\"text-align: left;\" data-canvas-width=\"276.82799999999986\"><strong>Ende der Widerrufsbelehrung<\/strong><\/h4>\n<p>(1) Das Widerrufsrecht besteht nicht bei Lieferung von Waren, die nicht vorgefertigt sind und f\u00fcr deren Herstellung eine individuelle Auswahl oder Bestimmung durch den Verbraucher ma\u00dfgeblich ist oder die eindeutig auf die pers\u00f6nlichen Bed\u00fcrfnisse des Verbrauchers zugeschnitten sind (z.B. T-Shirts mit Ihrem Foto und Ihrem Namen), bei Lieferung versiegelter Waren, die aus Gr\u00fcnden des Gesundheitsschutzes oder der Hygiene nicht zur R\u00fcckgabe geeignet sind, wenn ihre Versiegelung nach der Lieferung entfernt wurde oder bei Lieferung von Ton- oder Videoaufnahmen oder Computersoftware in einer versiegelten Packung, wenn die Versiegelung nach der Lieferung entfernt wurde.<\/p>\n<p>(2) Bitte vermeiden Sie Besch\u00e4digungen und Verunreinigungen. Senden Sie die Ware bitte m\u00f6glichst in Originalverpackung mit s\u00e4mtlichem Zubeh\u00f6r und mit allen Verpackungsbestandteilen an uns zur\u00fcck. Verwenden Sie ggf. eine sch\u00fctzende Umverpackung.<\/p>\n<p>(3) Bitte rufen Sie vor R\u00fccksendung unter der Tel.Nr. 0049 (0) 7622 667 3318 bei uns an, um die R\u00fccksendung anzuk\u00fcndigen. Auf diese Weise erm\u00f6glichen Sie uns eine schnellstm\u00f6gliche Zuordnung der Produkte.<\/p>\n<p>(4) Bitte beachten Sie, dass die in den vorstehenden Absatzen 3 genannten Modalit\u00e4ten nicht Voraussetzung f\u00fcr die wirksame Aus\u00fcbung des Widerrufsrechts sind.<\/p>\n<div data-canvas-width=\"173.328\"><\/div>\n<h3 data-canvas-width=\"171.65359999999995\"><strong>\u00a7 7 Transportsch\u00e4den<\/strong><\/h3>\n<p>(1) Werden Waren mit offensichtlichen Transportsch\u00e4den angeliefert, so reklamieren Sie solche Fehler bitte sofort bei dem Zusteller und nehmen Sie bitte schnellstm\u00f6glich Kontakt zu uns auf.<\/p>\n<p data-canvas-width=\"455.38159999999993\">(2) Die Vers\u00e4umung einer Reklamation oder Kontaktaufnahme hat f\u00fcr Ihre gesetzlichen Gew\u00e4hrleistungsrechte keine Konsequenzen. Sie helfen uns aber, unsere eigenen Anspr\u00fcche gegen\u00fcber dem Frachtf\u00fchrer bzw. der Transportversicherung geltend machen zu k\u00f6nnen.<\/p>\n<div data-canvas-width=\"17.711866666666666\"><\/div>\n<h3 data-canvas-width=\"148.12\"><strong>\u00a7 8 Gew\u00e4hrleistung<\/strong><\/h3>\n<p data-canvas-width=\"71.1712\">(1) Soweit nicht ausdr\u00fccklich etwas anderes vereinbart ist, richten sich Ihre Gew\u00e4hrleistungsanspr\u00fcche nach den gesetzlichen Bestimmungen des Kaufrechts (\u00a7\u00a7 433 ff. BGB).<\/p>\n<p data-canvas-width=\"85.21039999999999\">(2) Wenn Sie Verbraucher im Sinne des \u00a7 13 BGB sind, betr\u00e4gt die Verj\u00e4hrungsfrist f\u00fcr Gew\u00e4hrleistungsanspr\u00fcche bei gebrauchten Sachen &#8211; abweichend von den gesetzlichen Bestimmungen &#8211; ein Jahr. Diese Beschr\u00e4nkung gilt nicht f\u00fcr Anspr\u00fcche aufgrund von Sch\u00e4den aus der Verletzung des Lebens, des K\u00f6rpers oder der Gesundheit oder aus der Verletzung einer wesentlichen Vertragspflicht, deren Erf\u00fcllung die ordnungsgem\u00e4\u00dfe Durchf\u00fchrung des Vertrags \u00fcberhaupt erst erm\u00f6glicht und auf deren Einhaltung der Vertragspartner regelm\u00e4\u00dfig vertrauen darf (Kardinalpflicht) sowie f\u00fcr Anspr\u00fcche aufgrund von sonstigen Sch\u00e4den, die auf einer vors\u00e4tzlichen oder grob fahrl\u00e4ssigen Pflichtverletzung des Verwenders oder seiner Erf\u00fcllungsgehilfen beruhen.<\/p>\n<p data-canvas-width=\"255.3919999999999\">(3) Im \u00dcbrigen gelten f\u00fcr die Gew\u00e4hrleistung die gesetzlichen Bestimmungen.<\/p>\n<p>(4) Wenn Sie Unternehmer im Sinne des \u00a7 14 BGB sind, gelten die gesetzlichen Bestimmungen mit folgenden Modifikationen:<\/p>\n<ul>\n<li data-canvas-width=\"137.92639999999997\">F\u00fcr die Beschaffenheit der Ware sind nur unsere eigenen Angaben und die Produktbeschreibung des Herstellers verbindlich, nicht jedoch \u00f6ffentliche Anpreisungen und \u00c4u\u00dferungen und sonstige Werbung des Herstellers.<\/li>\n<li data-canvas-width=\"137.92639999999997\">Sie sind verpflichtet, die Ware unverz\u00fcglich und mit der gebotenen Sorgfalt auf Qualit\u00e4ts- und Mengenabweichungen zu untersuchen und uns offensichtliche M\u00e4ngel binnen 7 Tagen ab Empfang der Ware anzuzeigen. Zur Fristwahrung reicht die rechtzeitige Absendung. Dies gilt auch f\u00fcr sp\u00e4ter festgestellte verdeckte M\u00e4ngel ab Entdeckung. Bei Verletzung der Untersuchungs- und R\u00fcgepflicht ist die Geltendmachung der Gew\u00e4hrleistungsanspr\u00fcche ausgeschlossen.<\/li>\n<li data-canvas-width=\"137.92639999999997\">Bei M\u00e4ngeln leisten wir nach unserer Wahl Gew\u00e4hr durch Nachbesserung oder Ersatzlieferung (Nacherf\u00fcllung). Im Falle der Nachbesserung m\u00fcssen wir nicht die erh\u00f6hten Kosten tragen, die durch die Verbringung der Ware an einen anderen Ort als den Erf\u00fcllungsort entstehen, sofern die Verbringung nicht dem bestimmungsgem\u00e4\u00dfen Gebrauch der Ware entspricht.<\/li>\n<li data-canvas-width=\"137.92639999999997\">Schl\u00e4gt die Nacherf\u00fcllung zweimal fehl, k\u00f6nnen Sie nach Ihrer Wahl Minderung verlangen oder vom Vertrag zur\u00fccktreten.<\/li>\n<li data-canvas-width=\"137.92639999999997\">Die Gew\u00e4hrleistungsfrist betr\u00e4gt ein Jahr ab Ablieferung der Ware.<\/li>\n<\/ul>\n<div data-canvas-width=\"588.3951999999997\"><\/div>\n<h3 data-canvas-width=\"76.4888\"><strong>\u00a7 9 Haftung<\/strong><\/h3>\n<p data-canvas-width=\"537.62\">(1) Unbeschr\u00e4nkte Haftung: Wir haften unbeschr\u00e4nkt f\u00fcr Vorsatz und grobe Fahrl\u00e4ssigkeit sowie nach Ma\u00dfgabe des Produkthaftungsgesetzes. F\u00fcr leichte Fahrl\u00e4ssigkeit haften wir bei Sch\u00e4den aus der Verletzung des Lebens, des K\u00f6rpers und der Gesundheit von Personen.<\/p>\n<p>(2) Im \u00dcbrigen gilt folgende beschr\u00e4nkte Haftung: Bei leichter Fahrl\u00e4ssigkeit haften wir nur im Falle der Verletzung einer wesentlichen Vertragspflicht, deren Erf\u00fcllung die ordnungsgem\u00e4\u00dfe Durchf\u00fchrung des Vertrags \u00fcberhaupt erst erm\u00f6glicht und auf deren Einhaltung Sie regelm\u00e4\u00dfig vertrauen d\u00fcrfen (Kardinalpflicht). Die Haftung f\u00fcr leichte Fahrl\u00e4ssigkeit ist der H\u00f6he nach beschr\u00e4nkt auf die bei Vertragsschluss vorhersehbaren Sch\u00e4den, mit deren Entstehung typischerweise gerechnet werden muss. Diese Haftungsbeschr\u00e4nkung gilt auch zugunsten unserer Erf\u00fcllungsgehilfen.<\/p>\n<div><\/div>\n<h3 data-canvas-width=\"211.80239999999998\"><strong>\u00a7 10 Schlussbestimmungen<\/strong><\/h3>\n<p data-canvas-width=\"122.32319999999999\">(1) Sollten eine oder mehrere Bestimmungen dieser AGB unwirksam sein oder werden, wird dadurch die Wirksamkeit der anderen Bestimmungen im \u00dcbrigen nicht ber\u00fchrt.<\/p>\n<p>(2) Auf Vertr\u00e4ge zwischen uns und Ihnen ist ausschlie\u00dflich deutsches Recht anwendbar unter Ausschluss der Bestimmungen der United Nations Convention on Contracts for the International Sale of Goods (CISG, \u201eUN-Kaufrecht\u201c).<\/p>\n<p data-canvas-width=\"89.60799999999999\">(3) Sind Sie Kaufmann und geh\u00f6rt das Gesch\u00e4ft zu Ihrem Gewerbebetrieb oder juristische Person des \u00f6ffentlichen Rechts oder \u00f6ffentlich-rechtliches Sonderverm\u00f6gen, so ist 79650 Schopfheim Gerichtsstand f\u00fcr alle Streitigkeiten aus oder im Zusammenhang mit Vertr\u00e4gen zwischen uns und Ihnen.<\/p>\n<p data-canvas-width=\"89.60799999999999\">Unsere Allgemeinen Gesch\u00e4ftsbedingungen als PDF zum <a href=\"https:\/\/www.inh-shop.de\/wp-content\/uploads\/2016\/11\/AGB-161113.pdf\">Download<\/a><\/p>\n<div data-canvas-width=\"89.60799999999999\"><\/div>\n<div data-canvas-width=\"89.60799999999999\">Hinweis:<\/div>\n<div data-canvas-width=\"89.60799999999999\"><div class=\"woocommerce woocommerce-gzd woocommerce-gzd-complaints-shortcode\">\n\t\t\t<h3>Alternative Streitbeilegung gem\u00e4\u00df Art. 14 Abs. 1 ODR-VO und \u00a7 36 VSBG:<\/h3>\n\t\nZur Teilnahme an einem Streitbeilegungsverfahren vor einer Verbraucherschlichtungsstelle sind wir nicht verpflichtet und nicht bereit. <\/div><\/div>\n","protected":false},"excerpt":{"rendered":"<p>Unsere Allgemeinen Gesch\u00e4ftsbedingungen als PDF zum Download Allgemeine Gesch\u00e4ftsbedingungen \u00a7 1 Geltungsbereich und Anbieter (1) Diese Allgemeinen Gesch\u00e4ftsbedingungen gelten f\u00fcr alle Bestellungen, die Sie beim INH-Shop, Frau Susanne Aust t\u00e4tigen. Service-Hotline: Werktags 10:00 bis 16:00 Uhr unter Telefon 0049 (0) 7622 667 3318 Email: susanne(minus)aust(at)t(minus)online(punkt)de (2) Das Warenangebot in unserem Online-Shop richtet sich ausschlie\u00dflich an [&hellip;]<\/p>\n","protected":false},"author":1,"featured_media":0,"parent":0,"menu_order":0,"comment_status":"closed","ping_status":"closed","template":"","meta":{"jetpack_post_was_ever_published":false,"footnotes":""},"class_list":["post-10","page","type-page","status-publish","hentry"],"jetpack_sharing_enabled":true,"jetpack_shortlink":"https:\/\/wp.me\/P92Sje-a","_links":{"self":[{"href":"https:\/\/www.inh-shop.de\/index.php?rest_route=\/wp\/v2\/pages\/10","targetHints":{"allow":["GET"]}}],"collection":[{"href":"https:\/\/www.inh-shop.de\/index.php?rest_route=\/wp\/v2\/pages"}],"about":[{"href":"https:\/\/www.inh-shop.de\/index.php?rest_route=\/wp\/v2\/types\/page"}],"author":[{"embeddable":true,"href":"https:\/\/www.inh-shop.de\/index.php?rest_route=\/wp\/v2\/users\/1"}],"replies":[{"embeddable":true,"href":"https:\/\/www.inh-shop.de\/index.php?rest_route=%2Fwp%2Fv2%2Fcomments&post=10"}],"version-history":[{"count":26,"href":"https:\/\/www.inh-shop.de\/index.php?rest_route=\/wp\/v2\/pages\/10\/revisions"}],"predecessor-version":[{"id":255,"href":"https:\/\/www.inh-shop.de\/index.php?rest_route=\/wp\/v2\/pages\/10\/revisions\/255"}],"wp:attachment":[{"href":"https:\/\/www.inh-shop.de\/index.php?rest_route=%2Fwp%2Fv2%2Fmedia&parent=10"}],"curies":[{"name":"wp","href":"https:\/\/api.w.org\/{rel}","templated":true}]}}